{"id":24,"date":"2020-01-02T15:16:50","date_gmt":"2020-01-02T15:16:50","guid":{"rendered":"https:\/\/www.construccionspalet.com\/?page_id=24"},"modified":"2020-02-05T10:16:11","modified_gmt":"2020-02-05T09:16:11","slug":"politica-de-cookies","status":"publish","type":"page","link":"https:\/\/www.construccionspalet.com\/es\/politica-de-cookies\/","title":{"rendered":"Pol\u00edtica de cookies"},"content":{"rendered":"<div class=\"zn_text_box eluid40941ff2 justificat zn_text_box-light element-scheme--light\">\n<div class=\"justificar\">\n<p>El sitio web de <span class=\"pantone\"><strong>CONSTRUCCIONS PALET <\/strong><\/span>comunica a los usuarios, a trav\u00e9s de este aviso, que puede utilizar cookies cuando el usuario navega por las diferentes pantallas y p\u00e1ginas del sitio. Durante el uso de nuestro sitio web usted acepta y autoriza expresamente el uso de cookies, de acuerdo con nuestra pol\u00edtica de privacidad.<\/p>\n<p><strong>\u00bfQu\u00e9 son las cookies?<\/strong><\/p>\n<p>Una cookie es un archivo de texto muy peque\u00f1o que un servidor web puede guardar en el disco duro de un equipo para almacenar alg\u00fan tipo de informaci\u00f3n sobre el usuario. La cookie identifica el equipo de forma \u00fanica, y s\u00f3lo puede ser le\u00edda por el sitio web que lo envi\u00f3 al equipo.<\/p>\n<p>Una cookie no es un archivo ejecutable ni un programa y por tanto no puede propagar o contener un virus u otro software malicioso, ni puede tener una longitud superior a 4.000 caracteres.<\/p>\n<p><strong>\u00bfPara qu\u00e9 sirven las cookies?<\/strong><\/p>\n<p>La utilizaci\u00f3n de las cookies tiene como finalidad exclusiva recordar las preferencias del usuario (idioma, pa\u00eds, inicio de sesi\u00f3n, caracter\u00edsticas de su navegador, informaci\u00f3n de uso de nuestra web, etc.) Recordando sus preferencias no tendremos que , por ejemplo, preguntarle por su pa\u00eds cada vez que visite nuestra web. Sabremos las caracter\u00edsticas del ordenador que est\u00e1 utilizando y as\u00ed podremos ofrecerle una mejor experiencia de navegaci\u00f3n. Las cookies pueden ayudar en nuestro sitio web a distinguir el navegador del usuario como visitante anterior y as\u00ed guardar y recordar las preferencias que puedan haberse establecido mientras el usuario estaba navegando por el sitio, personalizar las p\u00e1ginas de inicio, identificar qu\u00e9 sectores de un sitio han sido visitados o mantener un registro de selecciones en un &#8220;carro de compra&#8221;.<\/p>\n<p>El sitio web de <span class=\"pantone\"><strong>CONSTRUCCIONS PALET<\/strong><\/span> puede utilizar las cookies con el objeto de reconocer a los usuarios que se hayan registrado y poder ofrecerles un mejor servicio y m\u00e1s personalizado. Asimismo pueden ser utilizadas para obtener informaci\u00f3n sobre la fecha y hora de la \u00faltima visita del usuario, medir algunos par\u00e1metros de tr\u00e1fico dentro del propio sitio y estimar el n\u00famero de visitas realizadas, de manera que\u00a0<span class=\"pantone\"><strong>CONSTRUCCIONS PALET<\/strong><\/span> pueda enfocar y ajustar los servicios y promociones de forma m\u00e1s efectiva.<\/p>\n<p>Normalmente los sitios web utilizan las cookies para obtener informaci\u00f3n estad\u00edstica sobre sus p\u00e1ginas web. Recuerde que recogemos datos sobre sus movimientos y uso de nuestra web como datos estad\u00edsticos, no personales.<\/p>\n<p><strong>Tipo de cookies:<\/strong><\/p>\n<ul>\n<li><strong><span class=\"pantone\">Cookies anal\u00edticas:<\/span> <\/strong>Recogen informaci\u00f3n del uso que se realiza del sitio web.<\/li>\n<li><strong><span class=\"pantone\">Cookies sociales: <\/span><\/strong>Son necesarias para las redes sociales externas (Facebook, Twitter Linkedin).<\/li>\n<li><strong><span class=\"pantone\">Cookies t\u00e9cnicas:<\/span> <\/strong>Son las estrictamente necesarias para el uso del sitio web y para la prestaci\u00f3n del servicio contratado.<\/li>\n<\/ul>\n<p><strong>Salvaguardias de protecci\u00f3n:<\/strong><\/p>\n<p>El usuario puede configurar su navegador para aceptar, o no, las cookies que recibe o para que el navegador le avise cuando un servidor quiera guardar una cookie o borrarlas de su ordenador. Puede encontrar las instrucciones en la configuraci\u00f3n de seguridad en su navegador web.<\/p>\n<p>Ejemplos:<\/p>\n<ul>\n<li>Si utiliza Microsoft Internet Explorer, en la opci\u00f3n de men\u00fa Herramientas&gt; Opciones de Internet&gt; Privacidad&gt; Configuraci\u00f3n.<\/li>\n<li>Si utiliza Firefox, en la opci\u00f3n de men\u00fa Herramientas&gt; Opciones&gt; Privacidad&gt; Cookies.<\/li>\n<li>Si utiliza Google Chrome, en la opci\u00f3n de men\u00fa Configuraci\u00f3n&gt; Privacidad.<\/li>\n<li>Si utiliza Safari, en la opci\u00f3n de men\u00fa Preferencias&gt; Seguridad.<\/li>\n<\/ul>\n<p>Puede hacer uso de la secci\u00f3n &#8220;Ayuda&#8221; que encontrar\u00e1 en la barra de herramientas de la mayor\u00eda de navegadores para cambiar la configuraci\u00f3n de su ordenador, sin embargo, algunas de las caracter\u00edsticas de nuestros servicios online pueden no funcionar o pueden resultar m\u00e1s complicadas de acceder si rechaza todas las cookies.<\/p>\n<p>Muchos navegadores permiten activar un modo privado mediante el cual las cookies se borran siempre despu\u00e9s de su visita. Dependiendo de cada navegador, as\u00ed privada de navegar puede tener diferentes nombres, abajo puedes encontrar una lista de los navegadores m\u00e1s comunes y los diferentes nombres de este &#8220;modo privado&#8221;:<\/p>\n<ul>\n<li>Internet Explorer 8 y superior: InPrivate<\/li>\n<li>FireFox 3.5 y superior: Navegaci\u00f3n privada<\/li>\n<li>Google Chrome 10 y superior: Inc\u00f3gnito<\/li>\n<li>Safari 2 y superior: Navegaci\u00f3n privada<\/li>\n<li>Opera 10.5 y superior: Navegaci\u00f3n privada<\/li>\n<\/ul>\n<p>por favor, lea atentamente la secci\u00f3n de ayuda de su navegador para conocer m\u00e1s sobre c\u00f3mo activar el &#8220;modo privado&#8221;. Podr\u00e1 seguir visitando nuestra web aunque su navegador est\u00e9 en &#8220;modo privado&#8221;, sin embargo, la experiencia de usuario puede no ser \u00f3ptima y algunas utilidades pueden no funcionar.<\/p>\n<p><strong>Cambios en la Pol\u00edtica de Cookies<\/strong><\/p>\n<p>Es posible que actualizamos la Pol\u00edtica de Cookies de nuestro sitio web, por ello le recomendamos revisar esta pol\u00edtica cada vez que acceda a nuestro Sitio Web con el objetivo de estar adecuadamente informado sobre c\u00f3mo y para qu\u00e9 hacemos utilizar las cookies.<\/p>\n<\/div>\n<\/div>","protected":false},"excerpt":{"rendered":"<p>El sitio web de CONSTRUCCIONS PALET comunica a los usuarios, a trav\u00e9s de este aviso, que puede utilizar cookies cuando el usuario navega por las diferentes pantallas y p\u00e1ginas del sitio. Durante el uso de nuestro sitio web usted acepta y autoriza expresamente el uso de cookies, de acuerdo con nuestra pol\u00edtica de privacidad. \u00bfQu\u00e9 &#8230; <a title=\"Pol\u00edtica de cookies\" class=\"read-more\" href=\"https:\/\/www.construccionspalet.com\/es\/politica-de-cookies\/\" aria-label=\"Leer m\u00e1s sobre Pol\u00edtica de cookies\">Leer m\u00e1s<\/a><\/p>","protected":false},"author":1,"featured_media":0,"parent":0,"menu_order":0,"comment_status":"closed","ping_status":"closed","template":"","meta":{"_acf_changed":false,"footnotes":""},"class_list":["post-24","page","type-page","status-publish"],"acf":[],"yoast_head":"<!-- This site is optimized with the Yoast SEO plugin v27.1.1 - https:\/\/yoast.com\/product\/yoast-seo-wordpress\/ -->\n<title>Pol\u00edtica de cookies. Empresa Constructora &#187; Construccions Palet<\/title>\n<meta name=\"description\" content=\"M\u00e9s de 58 anys d&#039;experi\u00e8ncia avala la nostra empresa de construcci\u00f3 i els seus \u00e8xits. Som professionals de la construcci\u00f3 i de tot en la gesti\u00f3 d&#039;una obra.\" \/>\n<meta name=\"robots\" content=\"index, follow, max-snippet:-1, max-image-preview:large, max-video-preview:-1\" \/>\n<link rel=\"canonical\" href=\"https:\/\/www.construccionspalet.com\/es\/politica-de-cookies\/\" \/>\n<meta property=\"og:locale\" content=\"es_ES\" \/>\n<meta property=\"og:type\" content=\"article\" \/>\n<meta property=\"og:title\" content=\"Pol\u00edtica de cookies. Empresa Constructora &#187; Construccions Palet\" \/>\n<meta property=\"og:description\" content=\"M\u00e9s de 58 anys d&#039;experi\u00e8ncia avala la nostra empresa de construcci\u00f3 i els seus \u00e8xits. Som professionals de la construcci\u00f3 i de tot en la gesti\u00f3 d&#039;una obra.\" \/>\n<meta property=\"og:url\" content=\"https:\/\/www.construccionspalet.com\/es\/politica-de-cookies\/\" \/>\n<meta property=\"og:site_name\" content=\"Construccions Palet\" \/>\n<meta property=\"article:modified_time\" content=\"2020-02-05T09:16:11+00:00\" \/>\n<meta name=\"twitter:card\" content=\"summary_large_image\" \/>\n<meta name=\"twitter:label1\" content=\"Tiempo de lectura\" \/>\n\t<meta name=\"twitter:data1\" content=\"4 minutos\" \/>\n<script type=\"application\/ld+json\" class=\"yoast-schema-graph\">{\"@context\":\"https:\/\/schema.org\",\"@graph\":[{\"@type\":\"WebPage\",\"@id\":\"https:\/\/www.construccionspalet.com\/politica-de-cookies\/\",\"url\":\"https:\/\/www.construccionspalet.com\/politica-de-cookies\/\",\"name\":\"Pol\u00edtica de cookies. Empresa Constructora &#187; Construccions Palet\",\"isPartOf\":{\"@id\":\"https:\/\/www.construccionspalet.com\/#website\"},\"datePublished\":\"2020-01-02T15:16:50+00:00\",\"dateModified\":\"2020-02-05T09:16:11+00:00\",\"description\":\"M\u00e9s de 58 anys d'experi\u00e8ncia avala la nostra empresa de construcci\u00f3 i els seus \u00e8xits. Som professionals de la construcci\u00f3 i de tot en la gesti\u00f3 d'una obra.\",\"breadcrumb\":{\"@id\":\"https:\/\/www.construccionspalet.com\/politica-de-cookies\/#breadcrumb\"},\"inLanguage\":\"es\",\"potentialAction\":[{\"@type\":\"ReadAction\",\"target\":[\"https:\/\/www.construccionspalet.com\/politica-de-cookies\/\"]}]},{\"@type\":\"BreadcrumbList\",\"@id\":\"https:\/\/www.construccionspalet.com\/politica-de-cookies\/#breadcrumb\",\"itemListElement\":[{\"@type\":\"ListItem\",\"position\":1,\"name\":\"Portada\",\"item\":\"https:\/\/www.construccionspalet.com\/\"},{\"@type\":\"ListItem\",\"position\":2,\"name\":\"Pol\u00edtica de cookies\"}]},{\"@type\":\"WebSite\",\"@id\":\"https:\/\/www.construccionspalet.com\/#website\",\"url\":\"https:\/\/www.construccionspalet.com\/\",\"name\":\"Construccions Palet\",\"description\":\"Obres i reformes integrals amb acabats d&#039;alta qualitat al Maresme\",\"publisher\":{\"@id\":\"https:\/\/www.construccionspalet.com\/#organization\"},\"potentialAction\":[{\"@type\":\"SearchAction\",\"target\":{\"@type\":\"EntryPoint\",\"urlTemplate\":\"https:\/\/www.construccionspalet.com\/?s={search_term_string}\"},\"query-input\":{\"@type\":\"PropertyValueSpecification\",\"valueRequired\":true,\"valueName\":\"search_term_string\"}}],\"inLanguage\":\"es\"},{\"@type\":\"Organization\",\"@id\":\"https:\/\/www.construccionspalet.com\/#organization\",\"name\":\"Construccions Palet\",\"url\":\"https:\/\/www.construccionspalet.com\/\",\"logo\":{\"@type\":\"ImageObject\",\"inLanguage\":\"es\",\"@id\":\"https:\/\/www.construccionspalet.com\/#\/schema\/logo\/image\/\",\"url\":\"https:\/\/construccionspalet.b-cdn.net\/wp-content\/uploads\/2020\/01\/logo-construccions-palet_w512-1.png\",\"contentUrl\":\"https:\/\/construccionspalet.b-cdn.net\/wp-content\/uploads\/2020\/01\/logo-construccions-palet_w512-1.png\",\"width\":512,\"height\":182,\"caption\":\"Construccions Palet\"},\"image\":{\"@id\":\"https:\/\/www.construccionspalet.com\/#\/schema\/logo\/image\/\"}}]}<\/script>\n<!-- \/ Yoast SEO plugin. -->","yoast_head_json":{"title":"Pol\u00edtica de cookies. Empresa Constructora &#187; Construccions Palet","description":"M\u00e9s de 58 anys d'experi\u00e8ncia avala la nostra empresa de construcci\u00f3 i els seus \u00e8xits. Som professionals de la construcci\u00f3 i de tot en la gesti\u00f3 d'una obra.","robots":{"index":"index","follow":"follow","max-snippet":"max-snippet:-1","max-image-preview":"max-image-preview:large","max-video-preview":"max-video-preview:-1"},"canonical":"https:\/\/www.construccionspalet.com\/es\/politica-de-cookies\/","og_locale":"es_ES","og_type":"article","og_title":"Pol\u00edtica de cookies. Empresa Constructora &#187; Construccions Palet","og_description":"M\u00e9s de 58 anys d'experi\u00e8ncia avala la nostra empresa de construcci\u00f3 i els seus \u00e8xits. Som professionals de la construcci\u00f3 i de tot en la gesti\u00f3 d'una obra.","og_url":"https:\/\/www.construccionspalet.com\/es\/politica-de-cookies\/","og_site_name":"Construccions Palet","article_modified_time":"2020-02-05T09:16:11+00:00","twitter_card":"summary_large_image","twitter_misc":{"Tiempo de lectura":"4 minutos"},"schema":{"@context":"https:\/\/schema.org","@graph":[{"@type":"WebPage","@id":"https:\/\/www.construccionspalet.com\/politica-de-cookies\/","url":"https:\/\/www.construccionspalet.com\/politica-de-cookies\/","name":"Pol\u00edtica de cookies. Empresa Constructora &#187; Construccions Palet","isPartOf":{"@id":"https:\/\/www.construccionspalet.com\/#website"},"datePublished":"2020-01-02T15:16:50+00:00","dateModified":"2020-02-05T09:16:11+00:00","description":"M\u00e9s de 58 anys d'experi\u00e8ncia avala la nostra empresa de construcci\u00f3 i els seus \u00e8xits. Som professionals de la construcci\u00f3 i de tot en la gesti\u00f3 d'una obra.","breadcrumb":{"@id":"https:\/\/www.construccionspalet.com\/politica-de-cookies\/#breadcrumb"},"inLanguage":"es","potentialAction":[{"@type":"ReadAction","target":["https:\/\/www.construccionspalet.com\/politica-de-cookies\/"]}]},{"@type":"BreadcrumbList","@id":"https:\/\/www.construccionspalet.com\/politica-de-cookies\/#breadcrumb","itemListElement":[{"@type":"ListItem","position":1,"name":"Portada","item":"https:\/\/www.construccionspalet.com\/"},{"@type":"ListItem","position":2,"name":"Pol\u00edtica de cookies"}]},{"@type":"WebSite","@id":"https:\/\/www.construccionspalet.com\/#website","url":"https:\/\/www.construccionspalet.com\/","name":"Construccions Palet","description":"Obres i reformes integrals amb acabats d&#039;alta qualitat al Maresme","publisher":{"@id":"https:\/\/www.construccionspalet.com\/#organization"},"potentialAction":[{"@type":"SearchAction","target":{"@type":"EntryPoint","urlTemplate":"https:\/\/www.construccionspalet.com\/?s={search_term_string}"},"query-input":{"@type":"PropertyValueSpecification","valueRequired":true,"valueName":"search_term_string"}}],"inLanguage":"es"},{"@type":"Organization","@id":"https:\/\/www.construccionspalet.com\/#organization","name":"Construccions Palet","url":"https:\/\/www.construccionspalet.com\/","logo":{"@type":"ImageObject","inLanguage":"es","@id":"https:\/\/www.construccionspalet.com\/#\/schema\/logo\/image\/","url":"https:\/\/construccionspalet.b-cdn.net\/wp-content\/uploads\/2020\/01\/logo-construccions-palet_w512-1.png","contentUrl":"https:\/\/construccionspalet.b-cdn.net\/wp-content\/uploads\/2020\/01\/logo-construccions-palet_w512-1.png","width":512,"height":182,"caption":"Construccions Palet"},"image":{"@id":"https:\/\/www.construccionspalet.com\/#\/schema\/logo\/image\/"}}]}},"_links":{"self":[{"href":"https:\/\/www.construccionspalet.com\/es\/wp-json\/wp\/v2\/pages\/24","targetHints":{"allow":["GET"]}}],"collection":[{"href":"https:\/\/www.construccionspalet.com\/es\/wp-json\/wp\/v2\/pages"}],"about":[{"href":"https:\/\/www.construccionspalet.com\/es\/wp-json\/wp\/v2\/types\/page"}],"author":[{"embeddable":true,"href":"https:\/\/www.construccionspalet.com\/es\/wp-json\/wp\/v2\/users\/1"}],"replies":[{"embeddable":true,"href":"https:\/\/www.construccionspalet.com\/es\/wp-json\/wp\/v2\/comments?post=24"}],"version-history":[{"count":0,"href":"https:\/\/www.construccionspalet.com\/es\/wp-json\/wp\/v2\/pages\/24\/revisions"}],"wp:attachment":[{"href":"https:\/\/www.construccionspalet.com\/es\/wp-json\/wp\/v2\/media?parent=24"}],"curies":[{"name":"wp","href":"https:\/\/api.w.org\/{rel}","templated":true}]}}