{"id":18,"date":"2020-01-02T15:16:08","date_gmt":"2020-01-02T15:16:08","guid":{"rendered":"https:\/\/www.construccionspalet.com\/?page_id=18"},"modified":"2025-09-27T12:40:33","modified_gmt":"2025-09-27T10:40:33","slug":"contacto","status":"publish","type":"page","link":"https:\/\/www.construccionspalet.com\/es\/contacto\/","title":{"rendered":"Contacto"},"content":{"rendered":"\t\t<div data-elementor-type=\"wp-page\" data-elementor-id=\"18\" class=\"elementor elementor-18\" data-elementor-post-type=\"page\">\n\t\t\t\t\t\t<section class=\"elementor-section elementor-top-section elementor-element elementor-element-49ce795 elementor-section-boxed elementor-section-height-default elementor-section-height-default\" data-id=\"49ce795\" data-element_type=\"section\" data-e-type=\"section\" data-settings=\"{&quot;background_background&quot;:&quot;classic&quot;}\">\n\t\t\t\t\t\t<div class=\"elementor-container elementor-column-gap-default\">\n\t\t\t\t\t<div class=\"elementor-column elementor-col-100 elementor-top-column elementor-element elementor-element-b3b14c2\" data-id=\"b3b14c2\" data-element_type=\"column\" data-e-type=\"column\">\n\t\t\t<div class=\"elementor-widget-wrap elementor-element-populated\">\n\t\t\t\t\t\t<div class=\"elementor-element elementor-element-448ff7b elementor-widget elementor-widget-heading\" data-id=\"448ff7b\" data-element_type=\"widget\" data-e-type=\"widget\" data-widget_type=\"heading.default\">\n\t\t\t\t<div class=\"elementor-widget-container\">\n\t\t\t\t\t<h1 class=\"elementor-heading-title elementor-size-default\">Contacte<\/h1>\t\t\t\t<\/div>\n\t\t\t\t<\/div>\n\t\t\t\t<div class=\"elementor-element elementor-element-76c6b61 elementor-widget elementor-widget-heading\" data-id=\"76c6b61\" data-element_type=\"widget\" data-e-type=\"widget\" data-widget_type=\"heading.default\">\n\t\t\t\t<div class=\"elementor-widget-container\">\n\t\t\t\t\t<h2 class=\"elementor-heading-title elementor-size-default\">Construccions Palet \u00b7 Construccions i Reformes<\/h2>\t\t\t\t<\/div>\n\t\t\t\t<\/div>\n\t\t\t\t<div class=\"elementor-element elementor-element-5639f35 elementor-widget elementor-widget-text-editor\" data-id=\"5639f35\" data-element_type=\"widget\" data-e-type=\"widget\" data-widget_type=\"text-editor.default\">\n\t\t\t\t<div class=\"elementor-widget-container\">\n\t\t\t\t\t\t\t\t\t<p>Fem realitat les idees imaginades pels nostres clients, amb una gesti\u00f3 responsable i compromesa des de l&#8217;inici fins a l&#8217;entrega final. Ens guia la bandera de la feina ben feta i de l&#8217;\u00e8xit en cada construcci\u00f3 realitzada.\u00a0<\/p>\t\t\t\t\t\t\t\t<\/div>\n\t\t\t\t<\/div>\n\t\t\t\t\t<\/div>\n\t\t<\/div>\n\t\t\t\t\t<\/div>\n\t\t<\/section>\n\t\t\t\t<section class=\"elementor-section elementor-top-section elementor-element elementor-element-130245b8 elementor-section-boxed elementor-section-height-default elementor-section-height-default\" data-id=\"130245b8\" data-element_type=\"section\" data-e-type=\"section\" data-settings=\"{&quot;background_background&quot;:&quot;classic&quot;}\">\n\t\t\t\t\t\t<div class=\"elementor-container elementor-column-gap-wider\">\n\t\t\t\t\t<div class=\"elementor-column elementor-col-50 elementor-top-column elementor-element elementor-element-bc87028\" data-id=\"bc87028\" data-element_type=\"column\" data-e-type=\"column\">\n\t\t\t<div class=\"elementor-widget-wrap elementor-element-populated\">\n\t\t\t\t\t\t<div class=\"elementor-element elementor-element-1bc81e27 elementor-widget elementor-widget-heading\" data-id=\"1bc81e27\" data-element_type=\"widget\" data-e-type=\"widget\" data-widget_type=\"heading.default\">\n\t\t\t\t<div class=\"elementor-widget-container\">\n\t\t\t\t\t<h2 class=\"elementor-heading-title elementor-size-default\">Dades de contacte<\/h2>\t\t\t\t<\/div>\n\t\t\t\t<\/div>\n\t\t\t\t<div class=\"elementor-element elementor-element-53228fd elementor-icon-list--layout-traditional elementor-list-item-link-full_width elementor-widget elementor-widget-icon-list\" data-id=\"53228fd\" data-element_type=\"widget\" data-e-type=\"widget\" data-widget_type=\"icon-list.default\">\n\t\t\t\t<div class=\"elementor-widget-container\">\n\t\t\t\t\t\t\t<ul class=\"elementor-icon-list-items\">\n\t\t\t\t\t\t\t<li class=\"elementor-icon-list-item\">\n\t\t\t\t\t\t\t\t\t\t\t<span class=\"elementor-icon-list-icon\">\n\t\t\t\t\t\t\t<i aria-hidden=\"true\" class=\"fas fa-info\"><\/i>\t\t\t\t\t\t<\/span>\n\t\t\t\t\t\t\t\t\t\t<span class=\"elementor-icon-list-text\">EDICPA S.L.<\/span>\n\t\t\t\t\t\t\t\t\t<\/li>\n\t\t\t\t\t\t\t\t<li class=\"elementor-icon-list-item\">\n\t\t\t\t\t\t\t\t\t\t\t<span class=\"elementor-icon-list-icon\">\n\t\t\t\t\t\t\t<i aria-hidden=\"true\" class=\"fas fa-info\"><\/i>\t\t\t\t\t\t<\/span>\n\t\t\t\t\t\t\t\t\t\t<span class=\"elementor-icon-list-text\">NIF: B59567321<\/span>\n\t\t\t\t\t\t\t\t\t<\/li>\n\t\t\t\t\t\t\t\t<li class=\"elementor-icon-list-item\">\n\t\t\t\t\t\t\t\t\t\t\t<span class=\"elementor-icon-list-icon\">\n\t\t\t\t\t\t\t<i aria-hidden=\"true\" class=\"fas fa-map-marker-alt\"><\/i>\t\t\t\t\t\t<\/span>\n\t\t\t\t\t\t\t\t\t\t<span class=\"elementor-icon-list-text\">C. Rierany dels Frares, 67-73,  local, 2 \u00b7 08370 Calella, Barcelona<\/span>\n\t\t\t\t\t\t\t\t\t<\/li>\n\t\t\t\t\t\t\t\t<li class=\"elementor-icon-list-item\">\n\t\t\t\t\t\t\t\t\t\t\t<a href=\"tel:937662296\">\n\n\t\t\t\t\t\t\t\t\t\t\t\t<span class=\"elementor-icon-list-icon\">\n\t\t\t\t\t\t\t<i aria-hidden=\"true\" class=\"fas fa-phone\"><\/i>\t\t\t\t\t\t<\/span>\n\t\t\t\t\t\t\t\t\t\t<span class=\"elementor-icon-list-text\">937 662 296<\/span>\n\t\t\t\t\t\t\t\t\t\t\t<\/a>\n\t\t\t\t\t\t\t\t\t<\/li>\n\t\t\t\t\t\t\t\t<li class=\"elementor-icon-list-item\">\n\t\t\t\t\t\t\t\t\t\t\t<a href=\"tel:659883988\">\n\n\t\t\t\t\t\t\t\t\t\t\t\t<span class=\"elementor-icon-list-icon\">\n\t\t\t\t\t\t\t<i aria-hidden=\"true\" class=\"fas fa-mobile-alt\"><\/i>\t\t\t\t\t\t<\/span>\n\t\t\t\t\t\t\t\t\t\t<span class=\"elementor-icon-list-text\">659 883 988<\/span>\n\t\t\t\t\t\t\t\t\t\t\t<\/a>\n\t\t\t\t\t\t\t\t\t<\/li>\n\t\t\t\t\t\t\t\t<li class=\"elementor-icon-list-item\">\n\t\t\t\t\t\t\t\t\t\t\t<a href=\"mailto:paletjaume@hotmail.com\">\n\n\t\t\t\t\t\t\t\t\t\t\t\t<span class=\"elementor-icon-list-icon\">\n\t\t\t\t\t\t\t<i aria-hidden=\"true\" class=\"fas fa-envelope\"><\/i>\t\t\t\t\t\t<\/span>\n\t\t\t\t\t\t\t\t\t\t<span class=\"elementor-icon-list-text\">paletjaume@hotmail.com<\/span>\n\t\t\t\t\t\t\t\t\t\t\t<\/a>\n\t\t\t\t\t\t\t\t\t<\/li>\n\t\t\t\t\t\t<\/ul>\n\t\t\t\t\t\t<\/div>\n\t\t\t\t<\/div>\n\t\t\t\t<div class=\"elementor-element elementor-element-d2ca1e0 elementor-widget elementor-widget-image\" data-id=\"d2ca1e0\" data-element_type=\"widget\" data-e-type=\"widget\" data-widget_type=\"image.default\">\n\t\t\t\t<div class=\"elementor-widget-container\">\n\t\t\t\t\t\t\t\t\t\t\t\t\t\t\t<img fetchpriority=\"high\" decoding=\"async\" width=\"825\" height=\"358\" src=\"https:\/\/www.construccionspalet.com\/wp-content\/uploads\/2020\/01\/oficina-espera-1024x444.jpg\" class=\"attachment-large size-large wp-image-1087\" alt=\"\" srcset=\"https:\/\/www.construccionspalet.com\/wp-content\/uploads\/2020\/01\/oficina-espera-1024x444.jpg 1024w, https:\/\/www.construccionspalet.com\/wp-content\/uploads\/2020\/01\/oficina-espera-300x130.jpg 300w, https:\/\/www.construccionspalet.com\/wp-content\/uploads\/2020\/01\/oficina-espera-768x333.jpg 768w, https:\/\/www.construccionspalet.com\/wp-content\/uploads\/2020\/01\/oficina-espera.jpg 1200w\" sizes=\"(max-width: 825px) 100vw, 825px\" \/>\t\t\t\t\t\t\t\t\t\t\t\t\t\t\t<\/div>\n\t\t\t\t<\/div>\n\t\t\t\t\t<\/div>\n\t\t<\/div>\n\t\t\t\t<div class=\"elementor-column elementor-col-50 elementor-top-column elementor-element elementor-element-22e9b27\" data-id=\"22e9b27\" data-element_type=\"column\" data-e-type=\"column\" data-settings=\"{&quot;background_background&quot;:&quot;classic&quot;}\">\n\t\t\t<div class=\"elementor-widget-wrap elementor-element-populated\">\n\t\t\t\t\t\t<div class=\"elementor-element elementor-element-20aab4ef elementor-widget elementor-widget-heading\" data-id=\"20aab4ef\" data-element_type=\"widget\" data-e-type=\"widget\" data-widget_type=\"heading.default\">\n\t\t\t\t<div class=\"elementor-widget-container\">\n\t\t\t\t\t<h2 class=\"elementor-heading-title elementor-size-default\">En qu\u00e8 et podem ajudar?<\/h2>\t\t\t\t<\/div>\n\t\t\t\t<\/div>\n\t\t\t\t<div class=\"elementor-element elementor-element-5a612df elementor-widget elementor-widget-shortcode\" data-id=\"5a612df\" data-element_type=\"widget\" data-e-type=\"widget\" data-widget_type=\"shortcode.default\">\n\t\t\t\t<div class=\"elementor-widget-container\">\n\t\t\t\t\t\t\t<div class=\"elementor-shortcode\"><div class=\"frm_forms  with_frm_style frm_style_form-palet\" id=\"frm_form_1_container\" >\n<form enctype=\"multipart\/form-data\" method=\"post\" class=\"frm-show-form  frm_ajax_submit  frm_pro_form \" id=\"form_contact-form\" >\n<div class=\"frm_form_fields \">\n<fieldset>\n<legend class=\"frm_screen_reader\">Contactar - CAT<\/legend>\r\n\r\n<div class=\"frm_fields_container\">\n<input type=\"hidden\" name=\"frm_action\" value=\"create\" \/>\n<input type=\"hidden\" name=\"form_id\" value=\"1\" \/>\n<input type=\"hidden\" name=\"frm_hide_fields_1\" id=\"frm_hide_fields_1\" value=\"\" \/>\n<input type=\"hidden\" name=\"form_key\" value=\"contact-form\" \/>\n<input type=\"hidden\" name=\"item_meta[0]\" value=\"\" \/>\n<input type=\"hidden\" id=\"frm_submit_entry_1\" name=\"frm_submit_entry_1\" value=\"af5487dd40\" \/><input type=\"hidden\" name=\"_wp_http_referer\" value=\"\/es\/wp-json\/wp\/v2\/pages\/18\" \/><div id=\"frm_field_1_container\" class=\"frm_form_field form-field  frm_required_field frm_top_container frm_full\">\r\n    <label for=\"field_qh4icy\" id=\"field_qh4icy_label\" class=\"frm_primary_label\">Nom\r\n        <span class=\"frm_required\">*<\/span>\r\n    <\/label>\r\n    <input  type=\"text\" id=\"field_qh4icy\" name=\"item_meta[1]\" value=\"\"  data-reqmsg=\"Nom cannot be blank.\" aria-required=\"true\" data-invmsg=\"Name is invalid\" aria-invalid=\"false\"   \/>\r\n    \r\n    \r\n<\/div>\n<div id=\"frm_field_2_container\" class=\"frm_form_field form-field  frm_top_container frm_first frm_half\">\r\n    <label for=\"field_ocfup1\" id=\"field_ocfup1_label\" class=\"frm_primary_label\">Tel\u00e8fon\r\n        <span class=\"frm_required\"><\/span>\r\n    <\/label>\r\n    <input type=\"tel\" id=\"field_ocfup1\" name=\"item_meta[2]\" value=\"\"  data-invmsg=\"Last is invalid\" aria-invalid=\"false\" pattern=\"((\\+\\d{1,3}(-|.| )?\\(?\\d\\)?(-| |.)?\\d{1,5})|(\\(?\\d{2,6}\\)?))(-|.| )?(\\d{3,4})(-|.| )?(\\d{4})(( x| ext)\\d{1,5}){0,1}$\"  \/>\r\n    \r\n    \r\n<\/div>\n<div id=\"frm_field_3_container\" class=\"frm_form_field form-field  frm_required_field frm_top_container frm_half\">\r\n    <label for=\"field_29yf4d\" id=\"field_29yf4d_label\" class=\"frm_primary_label\">Email\r\n        <span class=\"frm_required\">*<\/span>\r\n    <\/label>\r\n    <input type=\"email\" id=\"field_29yf4d\" name=\"item_meta[3]\" value=\"\"  data-reqmsg=\"Email cannot be blank.\" aria-required=\"true\" data-invmsg=\"Please enter a valid email address\" aria-invalid=\"false\"  \/>\r\n    \r\n    \r\n<\/div>\n<div id=\"frm_field_4_container\" class=\"frm_form_field form-field  frm_required_field frm_top_container frm_full\">\r\n    <label for=\"field_e6lis6\" id=\"field_e6lis6_label\" class=\"frm_primary_label\">Assumpte\r\n        <span class=\"frm_required\">*<\/span>\r\n    <\/label>\r\n    <input  type=\"text\" id=\"field_e6lis6\" name=\"item_meta[4]\" value=\"\"  data-reqmsg=\"Assumpte cannot be blank.\" aria-required=\"true\" data-invmsg=\"Subject is invalid\" aria-invalid=\"false\"   \/>\r\n    \r\n    \r\n<\/div>\n<div id=\"frm_field_5_container\" class=\"frm_form_field form-field  frm_required_field frm_top_container frm_full\">\r\n    <label for=\"field_9jv0r1\" id=\"field_9jv0r1_label\" class=\"frm_primary_label\">Missatge\r\n        <span class=\"frm_required\">*<\/span>\r\n    <\/label>\r\n    <textarea name=\"item_meta[5]\" id=\"field_9jv0r1\" rows=\"5\"  data-reqmsg=\"Missatge cannot be blank.\" aria-required=\"true\" data-invmsg=\"Missatge no es v\u00e1lido\" aria-invalid=\"false\"  ><\/textarea>\r\n    \r\n    \r\n<\/div>\n<div id=\"frm_field_12_container\" class=\"frm_form_field form-field  frm_none_container\">\r\n    <label for=\"g-recaptcha-response\" id=\"field_gxlsw_label\" class=\"frm_primary_label\">reCAPTCHA\r\n        <span class=\"frm_required\"><\/span>\r\n    <\/label>\r\n    <div  id=\"field_gxlsw\" class=\"frm-g-recaptcha\" data-sitekey=\"6LfFjecUAAAAAHJrhY-FoLbo2LjvQiU3xg0DUNSA\" data-size=\"invisible\" data-theme=\"light\"><\/div>\r\n    \r\n    \r\n<\/div>\n<div id=\"frm_field_13_container\" class=\"frm_form_field form-field \">\n\t<div class=\"frm_submit\">\r\n\r\n<button class=\"frm_button_submit frm_final_submit\" type=\"submit\"   formnovalidate=\"formnovalidate\">Enviar<\/button>\r\n\r\n<\/div>\n<\/div>\n\t<input type=\"hidden\" name=\"item_key\" value=\"\" \/>\n\t\t\t<div id=\"frm_field_15_container\">\n\t\t\t<label for=\"field_t8rfj\" >\n\t\t\t\tSi eres humano, deja este campo en blanco.\t\t\t<\/label>\n\t\t\t<input  id=\"field_t8rfj\" type=\"text\" class=\"frm_form_field form-field frm_verify\" name=\"item_meta[15]\" value=\"\"  \/>\n\t\t<\/div>\n\t\t<input name=\"frm_state\" type=\"hidden\" value=\"l0bx6kTgSVxie+7iI81jKYaN7RDeOALNWdYs60y72tVZKemD9Yb7oPrJoNT\/vLD1\" \/><\/div>\n<\/fieldset>\n<\/div>\n\n<\/form>\n<\/div>\n<\/div>\n\t\t\t\t\t\t<\/div>\n\t\t\t\t<\/div>\n\t\t\t\t\t<\/div>\n\t\t<\/div>\n\t\t\t\t\t<\/div>\n\t\t<\/section>\n\t\t\t\t<section class=\"elementor-section elementor-top-section elementor-element elementor-element-a290cd1 elementor-section-full_width elementor-section-height-default elementor-section-height-default\" data-id=\"a290cd1\" data-element_type=\"section\" data-e-type=\"section\">\n\t\t\t\t\t\t<div class=\"elementor-container elementor-column-gap-default\">\n\t\t\t\t\t<div class=\"elementor-column elementor-col-100 elementor-top-column elementor-element elementor-element-bf192cd\" data-id=\"bf192cd\" data-element_type=\"column\" data-e-type=\"column\">\n\t\t\t<div class=\"elementor-widget-wrap elementor-element-populated\">\n\t\t\t\t\t\t<div class=\"elementor-element elementor-element-34f113c elementor-widget elementor-widget-google_maps\" data-id=\"34f113c\" data-element_type=\"widget\" data-e-type=\"widget\" data-widget_type=\"google_maps.default\">\n\t\t\t\t<div class=\"elementor-widget-container\">\n\t\t\t\t\t\t\t<div class=\"elementor-custom-embed\">\n\t\t\t<iframe loading=\"lazy\"\n\t\t\t\t\tsrc=\"https:\/\/maps.google.com\/maps?q=Construccions%20Palet%2C%20Rierany%20dels%20Frares%2C%2067%2C%2073%2C%2008397%20Calella%2C%20Barcelona&#038;t=m&#038;z=10&#038;output=embed&#038;iwloc=near\"\n\t\t\t\t\ttitle=\"Construccions Palet, Rierany dels Frares, 67, 73, 08397 Calella, Barcelona\"\n\t\t\t\t\taria-label=\"Construccions Palet, Rierany dels Frares, 67, 73, 08397 Calella, Barcelona\"\n\t\t\t><\/iframe>\n\t\t<\/div>\n\t\t\t\t\t\t<\/div>\n\t\t\t\t<\/div>\n\t\t\t\t\t<\/div>\n\t\t<\/div>\n\t\t\t\t\t<\/div>\n\t\t<\/section>\n\t\t\t\t<\/div>\n\t\t","protected":false},"excerpt":{"rendered":"<p>Contacte Construccions Palet \u00b7 Construccions i Reformes Fem realitat les idees imaginades pels nostres clients, amb una gesti\u00f3 responsable i compromesa des de l&#8217;inici fins a l&#8217;entrega final. Ens guia la bandera de la feina ben feta i de l&#8217;\u00e8xit en cada construcci\u00f3 realitzada.\u00a0 Dades de contacte EDICPA S.L. NIF: B59567321 C. Rierany dels Frares, &#8230; <a title=\"Contacto\" class=\"read-more\" href=\"https:\/\/www.construccionspalet.com\/es\/contacto\/\" aria-label=\"Leer m\u00e1s sobre Contacte\">Leer m\u00e1s<\/a><\/p>","protected":false},"author":1,"featured_media":0,"parent":0,"menu_order":0,"comment_status":"closed","ping_status":"closed","template":"elementor_header_footer","meta":{"_acf_changed":false,"footnotes":""},"class_list":["post-18","page","type-page","status-publish"],"acf":[],"yoast_head":"<!-- This site is optimized with the Yoast SEO plugin v27.1.1 - https:\/\/yoast.com\/product\/yoast-seo-wordpress\/ -->\n<title>Contacte. Construcci\u00f3, reforma i immobili\u00e0ria &#187; Construccions Palet<\/title>\n<meta name=\"description\" content=\"Som una empresa de construcci\u00f3, reformes i tamb\u00e9 de gesti\u00f3 immobili\u00e0ria. Contacta amb Construccions Palet per consultar tots els teus dubtes i preguntes.\" \/>\n<meta name=\"robots\" content=\"index, follow, max-snippet:-1, max-image-preview:large, max-video-preview:-1\" \/>\n<link rel=\"canonical\" href=\"https:\/\/www.construccionspalet.com\/es\/contacto\/\" \/>\n<meta property=\"og:locale\" content=\"es_ES\" \/>\n<meta property=\"og:type\" content=\"article\" \/>\n<meta property=\"og:title\" content=\"Contacte. Construcci\u00f3, reforma i immobili\u00e0ria &#187; Construccions Palet\" \/>\n<meta property=\"og:description\" content=\"Som una empresa de construcci\u00f3, reformes i tamb\u00e9 de gesti\u00f3 immobili\u00e0ria. Contacta amb Construccions Palet per consultar tots els teus dubtes i preguntes.\" \/>\n<meta property=\"og:url\" content=\"https:\/\/www.construccionspalet.com\/es\/contacto\/\" \/>\n<meta property=\"og:site_name\" content=\"Construccions Palet\" \/>\n<meta property=\"article:modified_time\" content=\"2025-09-27T10:40:33+00:00\" \/>\n<meta property=\"og:image\" content=\"https:\/\/www.construccionspalet.com\/wp-content\/uploads\/2020\/01\/oficina-espera.jpg\" \/>\n\t<meta property=\"og:image:width\" content=\"1200\" \/>\n\t<meta property=\"og:image:height\" content=\"520\" \/>\n\t<meta property=\"og:image:type\" content=\"image\/jpeg\" \/>\n<meta name=\"twitter:card\" content=\"summary_large_image\" \/>\n<meta name=\"twitter:label1\" content=\"Tiempo de lectura\" \/>\n\t<meta name=\"twitter:data1\" content=\"1 minuto\" \/>\n<script type=\"application\/ld+json\" class=\"yoast-schema-graph\">{\"@context\":\"https:\/\/schema.org\",\"@graph\":[{\"@type\":\"WebPage\",\"@id\":\"https:\/\/www.construccionspalet.com\/contacte\/\",\"url\":\"https:\/\/www.construccionspalet.com\/contacte\/\",\"name\":\"Contacte. Construcci\u00f3, reforma i immobili\u00e0ria &#187; Construccions Palet\",\"isPartOf\":{\"@id\":\"https:\/\/www.construccionspalet.com\/#website\"},\"primaryImageOfPage\":{\"@id\":\"https:\/\/www.construccionspalet.com\/contacte\/#primaryimage\"},\"image\":{\"@id\":\"https:\/\/www.construccionspalet.com\/contacte\/#primaryimage\"},\"thumbnailUrl\":\"https:\/\/www.construccionspalet.com\/wp-content\/uploads\/2020\/01\/oficina-espera-1024x444.jpg\",\"datePublished\":\"2020-01-02T15:16:08+00:00\",\"dateModified\":\"2025-09-27T10:40:33+00:00\",\"description\":\"Som una empresa de construcci\u00f3, reformes i tamb\u00e9 de gesti\u00f3 immobili\u00e0ria. Contacta amb Construccions Palet per consultar tots els teus dubtes i preguntes.\",\"breadcrumb\":{\"@id\":\"https:\/\/www.construccionspalet.com\/contacte\/#breadcrumb\"},\"inLanguage\":\"es\",\"potentialAction\":[{\"@type\":\"ReadAction\",\"target\":[\"https:\/\/www.construccionspalet.com\/contacte\/\"]}]},{\"@type\":\"ImageObject\",\"inLanguage\":\"es\",\"@id\":\"https:\/\/www.construccionspalet.com\/contacte\/#primaryimage\",\"url\":\"https:\/\/www.construccionspalet.com\/wp-content\/uploads\/2020\/01\/oficina-espera-1024x444.jpg\",\"contentUrl\":\"https:\/\/www.construccionspalet.com\/wp-content\/uploads\/2020\/01\/oficina-espera-1024x444.jpg\"},{\"@type\":\"BreadcrumbList\",\"@id\":\"https:\/\/www.construccionspalet.com\/contacte\/#breadcrumb\",\"itemListElement\":[{\"@type\":\"ListItem\",\"position\":1,\"name\":\"Portada\",\"item\":\"https:\/\/www.construccionspalet.com\/\"},{\"@type\":\"ListItem\",\"position\":2,\"name\":\"Contacte\"}]},{\"@type\":\"WebSite\",\"@id\":\"https:\/\/www.construccionspalet.com\/#website\",\"url\":\"https:\/\/www.construccionspalet.com\/\",\"name\":\"Construccions Palet\",\"description\":\"Obres i reformes integrals amb acabats d&#039;alta qualitat al Maresme\",\"publisher\":{\"@id\":\"https:\/\/www.construccionspalet.com\/#organization\"},\"potentialAction\":[{\"@type\":\"SearchAction\",\"target\":{\"@type\":\"EntryPoint\",\"urlTemplate\":\"https:\/\/www.construccionspalet.com\/?s={search_term_string}\"},\"query-input\":{\"@type\":\"PropertyValueSpecification\",\"valueRequired\":true,\"valueName\":\"search_term_string\"}}],\"inLanguage\":\"es\"},{\"@type\":\"Organization\",\"@id\":\"https:\/\/www.construccionspalet.com\/#organization\",\"name\":\"Construccions Palet\",\"url\":\"https:\/\/www.construccionspalet.com\/\",\"logo\":{\"@type\":\"ImageObject\",\"inLanguage\":\"es\",\"@id\":\"https:\/\/www.construccionspalet.com\/#\/schema\/logo\/image\/\",\"url\":\"https:\/\/construccionspalet.b-cdn.net\/wp-content\/uploads\/2020\/01\/logo-construccions-palet_w512-1.png\",\"contentUrl\":\"https:\/\/construccionspalet.b-cdn.net\/wp-content\/uploads\/2020\/01\/logo-construccions-palet_w512-1.png\",\"width\":512,\"height\":182,\"caption\":\"Construccions Palet\"},\"image\":{\"@id\":\"https:\/\/www.construccionspalet.com\/#\/schema\/logo\/image\/\"}}]}<\/script>\n<!-- \/ Yoast SEO plugin. -->","yoast_head_json":{"title":"Contacte. Construcci\u00f3, reforma i immobili\u00e0ria &#187; Construccions Palet","description":"Som una empresa de construcci\u00f3, reformes i tamb\u00e9 de gesti\u00f3 immobili\u00e0ria. Contacta amb Construccions Palet per consultar tots els teus dubtes i preguntes.","robots":{"index":"index","follow":"follow","max-snippet":"max-snippet:-1","max-image-preview":"max-image-preview:large","max-video-preview":"max-video-preview:-1"},"canonical":"https:\/\/www.construccionspalet.com\/es\/contacto\/","og_locale":"es_ES","og_type":"article","og_title":"Contacte. Construcci\u00f3, reforma i immobili\u00e0ria &#187; Construccions Palet","og_description":"Som una empresa de construcci\u00f3, reformes i tamb\u00e9 de gesti\u00f3 immobili\u00e0ria. Contacta amb Construccions Palet per consultar tots els teus dubtes i preguntes.","og_url":"https:\/\/www.construccionspalet.com\/es\/contacto\/","og_site_name":"Construccions Palet","article_modified_time":"2025-09-27T10:40:33+00:00","og_image":[{"width":1200,"height":520,"url":"https:\/\/www.construccionspalet.com\/wp-content\/uploads\/2020\/01\/oficina-espera.jpg","type":"image\/jpeg"}],"twitter_card":"summary_large_image","twitter_misc":{"Tiempo de lectura":"1 minuto"},"schema":{"@context":"https:\/\/schema.org","@graph":[{"@type":"WebPage","@id":"https:\/\/www.construccionspalet.com\/contacte\/","url":"https:\/\/www.construccionspalet.com\/contacte\/","name":"Contacte. Construcci\u00f3, reforma i immobili\u00e0ria &#187; Construccions Palet","isPartOf":{"@id":"https:\/\/www.construccionspalet.com\/#website"},"primaryImageOfPage":{"@id":"https:\/\/www.construccionspalet.com\/contacte\/#primaryimage"},"image":{"@id":"https:\/\/www.construccionspalet.com\/contacte\/#primaryimage"},"thumbnailUrl":"https:\/\/www.construccionspalet.com\/wp-content\/uploads\/2020\/01\/oficina-espera-1024x444.jpg","datePublished":"2020-01-02T15:16:08+00:00","dateModified":"2025-09-27T10:40:33+00:00","description":"Som una empresa de construcci\u00f3, reformes i tamb\u00e9 de gesti\u00f3 immobili\u00e0ria. Contacta amb Construccions Palet per consultar tots els teus dubtes i preguntes.","breadcrumb":{"@id":"https:\/\/www.construccionspalet.com\/contacte\/#breadcrumb"},"inLanguage":"es","potentialAction":[{"@type":"ReadAction","target":["https:\/\/www.construccionspalet.com\/contacte\/"]}]},{"@type":"ImageObject","inLanguage":"es","@id":"https:\/\/www.construccionspalet.com\/contacte\/#primaryimage","url":"https:\/\/www.construccionspalet.com\/wp-content\/uploads\/2020\/01\/oficina-espera-1024x444.jpg","contentUrl":"https:\/\/www.construccionspalet.com\/wp-content\/uploads\/2020\/01\/oficina-espera-1024x444.jpg"},{"@type":"BreadcrumbList","@id":"https:\/\/www.construccionspalet.com\/contacte\/#breadcrumb","itemListElement":[{"@type":"ListItem","position":1,"name":"Portada","item":"https:\/\/www.construccionspalet.com\/"},{"@type":"ListItem","position":2,"name":"Contacte"}]},{"@type":"WebSite","@id":"https:\/\/www.construccionspalet.com\/#website","url":"https:\/\/www.construccionspalet.com\/","name":"Construccions Palet","description":"Obres i reformes integrals amb acabats d&#039;alta qualitat al Maresme","publisher":{"@id":"https:\/\/www.construccionspalet.com\/#organization"},"potentialAction":[{"@type":"SearchAction","target":{"@type":"EntryPoint","urlTemplate":"https:\/\/www.construccionspalet.com\/?s={search_term_string}"},"query-input":{"@type":"PropertyValueSpecification","valueRequired":true,"valueName":"search_term_string"}}],"inLanguage":"es"},{"@type":"Organization","@id":"https:\/\/www.construccionspalet.com\/#organization","name":"Construccions Palet","url":"https:\/\/www.construccionspalet.com\/","logo":{"@type":"ImageObject","inLanguage":"es","@id":"https:\/\/www.construccionspalet.com\/#\/schema\/logo\/image\/","url":"https:\/\/construccionspalet.b-cdn.net\/wp-content\/uploads\/2020\/01\/logo-construccions-palet_w512-1.png","contentUrl":"https:\/\/construccionspalet.b-cdn.net\/wp-content\/uploads\/2020\/01\/logo-construccions-palet_w512-1.png","width":512,"height":182,"caption":"Construccions Palet"},"image":{"@id":"https:\/\/www.construccionspalet.com\/#\/schema\/logo\/image\/"}}]}},"_links":{"self":[{"href":"https:\/\/www.construccionspalet.com\/es\/wp-json\/wp\/v2\/pages\/18","targetHints":{"allow":["GET"]}}],"collection":[{"href":"https:\/\/www.construccionspalet.com\/es\/wp-json\/wp\/v2\/pages"}],"about":[{"href":"https:\/\/www.construccionspalet.com\/es\/wp-json\/wp\/v2\/types\/page"}],"author":[{"embeddable":true,"href":"https:\/\/www.construccionspalet.com\/es\/wp-json\/wp\/v2\/users\/1"}],"replies":[{"embeddable":true,"href":"https:\/\/www.construccionspalet.com\/es\/wp-json\/wp\/v2\/comments?post=18"}],"version-history":[{"count":0,"href":"https:\/\/www.construccionspalet.com\/es\/wp-json\/wp\/v2\/pages\/18\/revisions"}],"wp:attachment":[{"href":"https:\/\/www.construccionspalet.com\/es\/wp-json\/wp\/v2\/media?parent=18"}],"curies":[{"name":"wp","href":"https:\/\/api.w.org\/{rel}","templated":true}]}}